{"id":179,"date":"2025-01-15T09:32:35","date_gmt":"2025-01-15T08:32:35","guid":{"rendered":"https:\/\/bip.sdsizdebki.pl\/?page_id=179"},"modified":"2025-04-22T11:41:27","modified_gmt":"2025-04-22T09:41:27","slug":"zadania-realizowane-z-budzetu-panstwa-lub-z-panstwowych-funduszy-celowych","status":"publish","type":"page","link":"http:\/\/bip.sdsizdebki.pl\/index.php\/zadania-realizowane-z-budzetu-panstwa-lub-z-panstwowych-funduszy-celowych\/","title":{"rendered":"Zadania realizowane z bud\u017cetu pa\u0144stwa lub z pa\u0144stwowych funduszy celowych"},"content":{"rendered":"<p>&nbsp;<\/p>\n<p><img loading=\"lazy\" class=\"size-medium wp-image-215 aligncenter\" src=\"http:\/\/bip.sdsizdebki.pl\/wp-content\/uploads\/2025\/04\/Dofinansowanie-1-212x300.png\" alt=\"\" width=\"212\" height=\"300\" srcset=\"http:\/\/bip.sdsizdebki.pl\/wp-content\/uploads\/2025\/04\/Dofinansowanie-1-212x300.png 212w, http:\/\/bip.sdsizdebki.pl\/wp-content\/uploads\/2025\/04\/Dofinansowanie-1-725x1024.png 725w, http:\/\/bip.sdsizdebki.pl\/wp-content\/uploads\/2025\/04\/Dofinansowanie-1-768x1085.png 768w, http:\/\/bip.sdsizdebki.pl\/wp-content\/uploads\/2025\/04\/Dofinansowanie-1-1087x1536.png 1087w, http:\/\/bip.sdsizdebki.pl\/wp-content\/uploads\/2025\/04\/Dofinansowanie-1.png 1123w\" sizes=\"(max-width: 212px) 100vw, 212px\" \/><\/p>\n<p>&nbsp;<\/p>\n<p><img loading=\"lazy\" class=\"size-medium wp-image-184 aligncenter\" src=\"http:\/\/bip.sdsizdebki.pl\/wp-content\/uploads\/2025\/01\/tablica__fundusz_90x6020Izdebki-300x204.jpg\" alt=\"\" width=\"300\" height=\"204\" srcset=\"http:\/\/bip.sdsizdebki.pl\/wp-content\/uploads\/2025\/01\/tablica__fundusz_90x6020Izdebki-300x204.jpg 300w, http:\/\/bip.sdsizdebki.pl\/wp-content\/uploads\/2025\/01\/tablica__fundusz_90x6020Izdebki-1024x697.jpg 1024w, http:\/\/bip.sdsizdebki.pl\/wp-content\/uploads\/2025\/01\/tablica__fundusz_90x6020Izdebki-768x523.jpg 768w, http:\/\/bip.sdsizdebki.pl\/wp-content\/uploads\/2025\/01\/tablica__fundusz_90x6020Izdebki-1536x1046.jpg 1536w, http:\/\/bip.sdsizdebki.pl\/wp-content\/uploads\/2025\/01\/tablica__fundusz_90x6020Izdebki-2048x1394.jpg 2048w\" sizes=\"(max-width: 300px) 100vw, 300px\" \/><\/p>\n","protected":false},"excerpt":{"rendered":"<p>&nbsp; &nbsp;<\/p>\n","protected":false},"author":1,"featured_media":0,"parent":0,"menu_order":0,"comment_status":"closed","ping_status":"closed","template":"","meta":[],"_links":{"self":[{"href":"http:\/\/bip.sdsizdebki.pl\/index.php\/wp-json\/wp\/v2\/pages\/179"}],"collection":[{"href":"http:\/\/bip.sdsizdebki.pl\/index.php\/wp-json\/wp\/v2\/pages"}],"about":[{"href":"http:\/\/bip.sdsizdebki.pl\/index.php\/wp-json\/wp\/v2\/types\/page"}],"author":[{"embeddable":true,"href":"http:\/\/bip.sdsizdebki.pl\/index.php\/wp-json\/wp\/v2\/users\/1"}],"replies":[{"embeddable":true,"href":"http:\/\/bip.sdsizdebki.pl\/index.php\/wp-json\/wp\/v2\/comments?post=179"}],"version-history":[{"count":5,"href":"http:\/\/bip.sdsizdebki.pl\/index.php\/wp-json\/wp\/v2\/pages\/179\/revisions"}],"predecessor-version":[{"id":216,"href":"http:\/\/bip.sdsizdebki.pl\/index.php\/wp-json\/wp\/v2\/pages\/179\/revisions\/216"}],"wp:attachment":[{"href":"http:\/\/bip.sdsizdebki.pl\/index.php\/wp-json\/wp\/v2\/media?parent=179"}],"curies":[{"name":"wp","href":"https:\/\/api.w.org\/{rel}","templated":true}]}}