{"id":62,"date":"2020-09-23T22:18:01","date_gmt":"2020-09-23T20:18:01","guid":{"rendered":"http:\/\/sds-izdebki.bip7.pl\/?page_id=62"},"modified":"2025-02-16T18:55:05","modified_gmt":"2025-02-16T17:55:05","slug":"deklaracja-dostepnosci","status":"publish","type":"page","link":"http:\/\/bip.sdsizdebki.pl\/index.php\/deklaracja-dostepnosci\/","title":{"rendered":"Deklaracja dost\u0119pno\u015bci"},"content":{"rendered":"<h1>Deklaracja dost\u0119pno\u015bci<\/h1>\n<section id=\"a11y-wstep\"><span id=\"a11y-podmiot\">\u015arodowiskowy Dom Samopomocy im. Anny w Izdebkach<\/span> zobowi\u0105zuje si\u0119 zapewni\u0107 dost\u0119pno\u015b\u0107 swojej<br \/>\n<span id=\"a11y-zakres\">strony internetowej <\/span>zgodnie z ustaw\u0105 z dnia 4 kwietnia 2019 r. o dost\u0119pno\u015bci cyfrowej stron internetowych i aplikacji mobilnych podmiot\u00f3w publicznych.Deklaracja dost\u0119pno\u015bci dotyczy strony<br \/>\n<a id=\"a11y-url\" href=\"https:\/\/bip.sdsizdebki.pl\/\" target=\"_blank\" rel=\"noopener\">https:\/\/bip.sdsizdebki.pl\/<\/a>.<\/section>\n<section>\n<ul>\n<li>Data publikacji strony internetowej:<br \/>\n<time id=\"a11y-data-publikacja\" datetime=\"2016-11-05\">5 listopada 2016 r.<\/time><\/li>\n<li>Data ostatniej istotnej aktualizacji:<br \/>\n<time id=\"a11y-data-aktualizacja\" datetime=\"2020-06-23\">20 wrze\u015bnia 2020 r.<\/time><\/li>\n<\/ul>\n<\/section>\n<section>\n<h2>Stan dost\u0119pno\u015bci cyfrowej<\/h2>\n<p id=\"a11y-status\">Ta strona internetowa jest w pe\u0142ni zgodna z za\u0142\u0105cznikiem do ustawy o dost\u0119pno\u015bci cyfrowej z dnia 4 kwietnia 2019 r. o dost\u0119pno\u015bci cyfrowej stron internetowych i aplikacji mobilnych podmiot\u00f3w publicznych.<\/p>\n<\/section>\n<section>\n<h2>Przygotowanie deklaracji dost\u0119pno\u015bci<\/h2>\n<ul>\n<li>Data sporz\u0105dzenia deklaracji:<br \/>\n<time id=\"a11y-data-sporzadzenie\" datetime=\"2025-02-16\">16 lutego 2025 r.<\/time><\/li>\n<li>Data ostatniego przegl\u0105du deklaracji:<br \/>\n<time id=\"a11y-data-przeglad\" datetime=\"2025-02-16\">16 lutego 2025 r.<\/time><\/li>\n<\/ul>\n<p>Deklaracj\u0119 sporz\u0105dzili\u015bmy na podstawie samooceny w oparciu o<br \/>\n<a href=\"https:\/\/www.gov.pl\/attachment\/1a3e2bb5-6d60-4897-ac2f-07a8e91e70ed\">List\u0119 kontroln\u0105 do badania dost\u0119pno\u015bci cyfrowej strony internetowej v. 2.2 (docx, 0,12MB)<\/a>.<\/p>\n<\/section>\n<section>\n<h2>Informacje zwrotne i dane kontaktowe<\/h2>\n<p>Wszystkie problemy z dost\u0119pno\u015bci\u0105 cyfrow\u0105 tej strony internetowej mo\u017cesz zg\u0142osi\u0107 do<br \/>\n<span id=\"a11y-kontakt\">Katarzyna Dyrda<\/span><\/p>\n<p>mailowo<br \/>\n<a id=\"a11y-email\" href=\"mailto:kontakt@sdsizdebki.pl\">kontakt@sdsizdebki.pl<\/a><\/p>\n<p>lub telefonicznie<br \/>\n<a id=\"a11y-telefon\" href=\"tel:134399771\">13 439 97 71<\/a>.<\/p>\n<p>Ka\u017cdy ma prawo wyst\u0105pi\u0107 z \u017c\u0105daniem zapewnienia dost\u0119pno\u015bci cyfrowej tej strony internetowej lub jej element\u00f3w.<\/p>\n<p>Zg\u0142aszaj\u0105c takie \u017c\u0105danie podaj:<\/p>\n<ul>\n<li>swoje imi\u0119 i nazwisko,<\/li>\n<li>swoje dane kontaktowe (np. numer telefonu, e-mail),<\/li>\n<li>dok\u0142adny adres strony internetowej, na kt\u00f3rej jest niedost\u0119pny cyfrowo element lub tre\u015b\u0107,<\/li>\n<li>opis na czym polega problem i jaki spos\u00f3b jego rozwi\u0105zania by\u0142by dla Ciebie najwygodniejszy.<\/li>\n<\/ul>\n<p>Na Twoje zg\u0142oszenie odpowiemy najszybciej jak to mo\u017cliwe, nie p\u00f3\u017aniej ni\u017c w ci\u0105gu 7 dni od jego otrzymania.<\/p>\n<p>Je\u017celi ten termin b\u0119dzie dla nas zbyt kr\u00f3tki poinformujemy Ci\u0119 o tym. W tej informacji podamy nowy termin, do kt\u00f3rego poprawimy zg\u0142oszone przez Ciebie b\u0142\u0119dy lub przygotujemy informacje w alternatywny spos\u00f3b. Ten nowy termin nie b\u0119dzie d\u0142u\u017cszy ni\u017c 2 miesi\u0105ce.<\/p>\n<p>Je\u017celi nie b\u0119dziemy w stanie zapewni\u0107 dost\u0119pno\u015bci cyfrowej strony internetowej lub tre\u015bci, wskazanej w Twoim \u017c\u0105daniu, zaproponujemy Ci dost\u0119p do nich w alternatywny spos\u00f3b.<\/p>\n<\/section>\n<section id=\"a11y-procedura\">\n<h2>Obs\u0142uga wniosk\u00f3w i skarg zwi\u0105zanych z dost\u0119pno\u015bci\u0105<\/h2>\n<p>Je\u017celi w odpowiedzi na Tw\u00f3j wniosek o zapewnienie dost\u0119pno\u015bci cyfrowej, odm\u00f3wimy zapewnienia \u017c\u0105danej przez Ciebie dost\u0119pno\u015bci cyfrowej, a Ty nie zgadzasz si\u0119 z t\u0105 odmow\u0105, masz prawo z\u0142o\u017cy\u0107 skarg\u0119.<\/p>\n<p>Skarg\u0119 masz prawo z\u0142o\u017cy\u0107 tak\u017ce, je\u015bli nie zgadzasz si\u0119 na skorzystanie z alternatywnego sposobu dost\u0119pu, kt\u00f3ry zaproponowali\u015bmy Ci w odpowiedzi na Tw\u00f3j wniosek o zapewnienie dost\u0119pno\u015bci cyfrowej.<\/p>\n<p>Ewentualn\u0105 skarg\u0119 z\u0142\u00f3\u017c listownie lub mailem do kierownictwa naszego o\u015brodka:<\/p>\n<ul>\n<li><span id=\"a11y-procedura-kierownik\">Kierownik \u015arodowiskowego Domu Samopomocy<\/span>,<\/li>\n<li>Adres:<br \/>\n<span id=\"a11y-procedura-adres\">Izdebki 580, 36-203 Izdebki<\/span>,<\/li>\n<li>mail:<br \/>\n<a id=\"a11y-procedura-email\" href=\"mailto:kontakt@sdsizdebki.pl\">kontakt@sdsizdebki.pl<\/a>.<\/li>\n<\/ul>\n<p><a href=\"https:\/\/www.gov.pl\/web\/gov\/zloz-wniosek-o-zapewnienie-dostepnosci-cyfrowej-strony-internetowej-lub-aplikacji-mobilnej\">Pomocne mog\u0105 by\u0107 informacje, kt\u00f3re mo\u017cna znale\u017a\u0107 na rz\u0105dowym portalu gov.pl<\/a>.<\/p>\n<p>Mo\u017cesz tak\u017ce poinformowa\u0107 o tej sytuacji<br \/>\n<a href=\"https:\/\/bip.brpo.gov.pl\/\">Rzecznika Praw Obywatelskich <\/a>i poprosi\u0107 o interwencj\u0119 w Twojej sprawie.<\/p>\n<\/section>\n<section>\n<h2>Pozosta\u0142e informacje<\/h2>\n<section id=\"a11y-architektura\">\n<h3>Dost\u0119pno\u015b\u0107 architektoniczna<\/h3>\n<section>\n<h4>\u015arodowiskowy Dom Samopomocy im. Anny w Izdebkach<\/h4>\n<address class=\"mb-0\">\n<div>Izdebki 580<\/div>\n<div>36-203 Izdebki<\/div>\n<\/address>\n<section>\n<h5>Parking<\/h5>\n<ul>\n<li>Mo\u017cesz skorzysta\u0107 z miejsca parkingowego. Na parkingu wyznaczyli\u015bmy miejsc przeznaczonych dla os\u00f3b niepe\u0142nosprawnych. Pami\u0119taj o zabraniu karty parkingowej i umieszczeniu jej za szyb\u0105.<\/li>\n<li>Parking jest bezp\u0142atny.<\/li>\n<li>\n<div>Parking znajduje si\u0119 bezpo\u015brednio przy wej\u015bciu do budynku.<\/div>\n<\/li>\n<\/ul>\n<\/section>\n<section>\n<h5>Pies asystuj\u0105cy<\/h5>\n<ul>\n<li>Mo\u017cesz przyj\u015b\u0107 z psem asystuj\u0105cym lub psem przewodnikiem. Pami\u0119taj o certyfikacie psa asystuj\u0105cego i za\u015bwiadczeniu o szczepieniu.<\/li>\n<li>Pies musi mie\u0107 kaganiec. Nie dotyczy ps\u00f3w przewodnik\u00f3w.<\/li>\n<li>Zapewniamy wod\u0119 dla zwierzaka.<\/li>\n<\/ul>\n<\/section>\n<section>\n<h5>Wej\u015bcie do budynku<\/h5>\n<ul>\n<li>\n<div>Budynek pozbawiony jest barier architektonicznych. Przy g\u0142\u00f3wnym wej\u015bciu znajduj\u0105 si\u0119 szyny najazdowe umo\u017cliwiaj\u0105ce podjazd dla os\u00f3b poruszaj\u0105cych si\u0119 na w\u00f3zkach inwalidzkich. Do budynku prowadzi pi\u0119\u0107 schod\u00f3w.<\/div>\n<\/li>\n<li>Do wej\u015bcia prowadz\u0105 schody.<\/li>\n<li>Otworzenie drzwi nie wymaga du\u017cej si\u0142y.<\/li>\n<li>Drzwi maj\u0105 wygodn\u0105 i ergonomiczn\u0105 klamk\u0119.<\/li>\n<li>Mo\u017cna je \u0142atwo utrzyma\u0107 w pozycji otwartej.<\/li>\n<li>Szeroko\u015b\u0107 otworu wej\u015bciowego wynosi 137 centymetr\u00f3w.<\/li>\n<\/ul>\n<\/section>\n<section>\n<h5>\u0141azienka<\/h5>\n<ul>\n<li>W budynku jest toaleta dost\u0119pna dla os\u00f3b z niepe\u0142nosprawno\u015bci\u0105.<\/li>\n<li>Pochwyty s\u0105 po obu stronach ust\u0119pu.<\/li>\n<\/ul>\n<\/section>\n<\/section>\n<\/section>\n<\/section>\n<section>\n<section id=\"a11y-architektura\">\n<section>\n<section>\u00a0<\/section>\n<\/section>\n<\/section>\n<section id=\"a11y-komunikacja\">\n<h3>Dost\u0119pno\u015b\u0107 komunikacyjno-informacyjna<\/h3>\n<\/section>\n<\/section>\n<ul>\n<li>Zapewniamy mo\u017cliwo\u015b\u0107 skorzystania z t\u0142umacza j\u0119zyka migowego.<\/li>\n<\/ul>\n<p>&nbsp;<\/p>\n<h3>Informacja\u00a0<strong>o dost\u0119pno\u015bci dla os\u00f3b niepe\u0142nosprawnych <\/strong><\/h3>\n<p>\u015arodowiskowy Dom Samopomocy im. Anny w Izdebkach mie\u015bci si\u0119 wolno stoj\u0105cym, jednopi\u0119trowym budynku pod numerem 580.<\/p>\n<p>Budynek pozbawiony jest barier architektonicznych. Do g\u0142\u00f3wnego wej\u015bcia w budynku od strony zachodniej prowadzi pi\u0119\u0107 schod\u00f3w, na kt\u00f3rych znajduj\u0105 si\u0119 przeno\u015bne szyny najazdowe umo\u017cliwiaj\u0105ce podjazd osobom poruszaj\u0105cym si\u0119 na w\u00f3zkach inwalidzkich. Na drzwiach wej\u015bciowych zamontowany jest dzwonek przywo\u0142uj\u0105cy pracownika. Istnieje mo\u017cliwo\u015b\u0107 wej\u015bcia z psem asystuj\u0105cym, o kt\u00f3rym mowa w art. 2 pkt 11 ustawy z dnia 27sierpnia 1997 r. o rehabilitacji zawodowej i spo\u0142ecznej oraz zatrudnianiu os\u00f3b<\/p>\n<p>niepe\u0142nosprawnych.Przed budynkiem w pobli\u017cu wej\u015bcia g\u0142\u00f3wnego do budynku \u00a0znajduje si\u0119 wyznaczone miejsce parkingowe dla os\u00f3b niepe\u0142nosprawnych.<\/p>\n<p>W budynku zamontowany jest d\u017awig osobowy umo\u017cliwiaj\u0105cy dotarcie na pi\u0119tro.<\/p>\n<p>Do udogodnie\u0144 umo\u017cliwiaj\u0105cych funkcjonowanie osobom niepe\u0142nosprawnym nale\u017c\u0105:<\/p>\n<p>\u2013 szerokie, dwuskrzyd\u0142owe drzwi do wej\u015bcia g\u0142\u00f3wnego \u2013 szeroko\u015b\u0107 137 cm,<\/p>\n<p>\u2013 szerokie drzwi do pomieszcze\u0144 \u2013 szeroko\u015b\u0107 90cm,<\/p>\n<p>\u2013 brak prog\u00f3w,<\/p>\n<p>\u2013 uchwyty w toaletach,<\/p>\n<p>\u2013 toaleta przystosowana do potrzeb os\u00f3b z niepe\u0142nosprawno\u015bci\u0105 ruchow\u0105,<\/p>\n<p>\u2013 \u0142azienka pozbawiona barier architektonicznych, dostosowana do potrzeb os\u00f3b poruszaj\u0105cych si\u0119 na w\u00f3zkach inwalidzkich,<\/p>\n<p>\u2013 przestronne pomieszczenia,<\/p>\n<p>\u2013 dojazd do budynku z drogi g\u0142\u00f3wnej pozbawiony barier architektonicznych.<\/p>\n<h3>Koordynator dost\u0119pno\u015bci<\/h3>\n<h5>Katarzyna Dyrda<\/h5>\n<ul>\n<li>\n<h5>E-mail: kontakt@sdsizdebki.pl<\/h5>\n<\/li>\n<li>\n<h5>Telefon: (13) 439-97-71<\/h5>\n<\/li>\n<\/ul>\n","protected":false},"excerpt":{"rendered":"<p>Deklaracja dost\u0119pno\u015bci \u015arodowiskowy Dom Samopomocy im. Anny w Izdebkach zobowi\u0105zuje si\u0119 zapewni\u0107 dost\u0119pno\u015b\u0107 swojej strony internetowej zgodnie z ustaw\u0105 z dnia 4 kwietnia 2019 r. o dost\u0119pno\u015bci cyfrowej stron internetowych i aplikacji mobilnych podmiot\u00f3w publicznych.Deklaracja dost\u0119pno\u015bci dotyczy strony https:\/\/bip.sdsizdebki.pl\/. Data publikacji strony internetowej: 5 listopada 2016 r. Data ostatniej istotnej aktualizacji: 20 wrze\u015bnia 2020 r. [&hellip;]<\/p>\n","protected":false},"author":1,"featured_media":0,"parent":0,"menu_order":0,"comment_status":"closed","ping_status":"closed","template":"","meta":[],"_links":{"self":[{"href":"http:\/\/bip.sdsizdebki.pl\/index.php\/wp-json\/wp\/v2\/pages\/62"}],"collection":[{"href":"http:\/\/bip.sdsizdebki.pl\/index.php\/wp-json\/wp\/v2\/pages"}],"about":[{"href":"http:\/\/bip.sdsizdebki.pl\/index.php\/wp-json\/wp\/v2\/types\/page"}],"author":[{"embeddable":true,"href":"http:\/\/bip.sdsizdebki.pl\/index.php\/wp-json\/wp\/v2\/users\/1"}],"replies":[{"embeddable":true,"href":"http:\/\/bip.sdsizdebki.pl\/index.php\/wp-json\/wp\/v2\/comments?post=62"}],"version-history":[{"count":5,"href":"http:\/\/bip.sdsizdebki.pl\/index.php\/wp-json\/wp\/v2\/pages\/62\/revisions"}],"predecessor-version":[{"id":201,"href":"http:\/\/bip.sdsizdebki.pl\/index.php\/wp-json\/wp\/v2\/pages\/62\/revisions\/201"}],"wp:attachment":[{"href":"http:\/\/bip.sdsizdebki.pl\/index.php\/wp-json\/wp\/v2\/media?parent=62"}],"curies":[{"name":"wp","href":"https:\/\/api.w.org\/{rel}","templated":true}]}}